{"id":432,"date":"2024-01-20T12:03:45","date_gmt":"2024-01-20T12:03:45","guid":{"rendered":"https:\/\/www.jspc.fr\/?page_id=432"},"modified":"2024-10-09T12:37:58","modified_gmt":"2024-10-09T12:37:58","slug":"demande-intervention","status":"publish","type":"page","link":"https:\/\/www.jspc.fr\/?page_id=432","title":{"rendered":"Demande intervention"},"content":{"rendered":"\n\t<section class=\"section\" id=\"section_1924907812\">\n\t\t<div class=\"bg section-bg fill bg-fill  bg-loaded\" >\n\n\t\t\t\n\t\t\t\n\t\t\t\n\n\t\t<\/div>\n\n\t\t\n\n\t\t<div class=\"section-content relative\">\n\t\t\t\n\n<div class=\"row row-collapse row-full-width align-middle align-center\"  id=\"row-1897193511\">\n\n\n\t<div id=\"col-224319795\" class=\"col medium-12 small-12 large-6 medium-col-first\"  >\n\t\t\t\t<div class=\"col-inner\"  >\n\t\t\t\n\t\t\t\n\n\t<div id=\"gap-979625639\" class=\"gap-element clearfix\" style=\"display:block; height:auto;\">\n\t\t\n<style>\n#gap-979625639 {\n  padding-top: 11px;\n}\n<\/style>\n\t<\/div>\n\t\n\n\n  <div class=\"banner has-hover bg-zoom\" id=\"banner-1404927062\">\n          <div class=\"banner-inner fill\">\n        <div class=\"banner-bg fill\" >\n            <div class=\"bg fill bg-fill \"><\/div>\n                                    \n                    <\/div>\n\t\t\n        <div class=\"banner-layers container\">\n            <div class=\"fill banner-link\"><\/div>            \n\n\n        <\/div>\n      <\/div>\n\n            \n<style>\n#banner-1404927062 {\n  padding-top: 167px;\n  background-color: rgba(255, 255, 255, 0);\n}\n#banner-1404927062 .bg.bg-loaded {\n  background-image: url(https:\/\/www.jspc.fr\/wp-content\/uploads\/2024\/10\/IMG_2881-718x1024.jpg);\n}\n#banner-1404927062 .bg {\n  background-position: 59% 48%;\n}\n@media (min-width:550px) {\n  #banner-1404927062 {\n    padding-top: 400px;\n  }\n}\n@media (min-width:850px) {\n  #banner-1404927062 {\n    padding-top: 550px;\n  }\n}\n<\/style>\n  <\/div>\n\n\n\t<div id=\"gap-811341384\" class=\"gap-element clearfix\" style=\"display:block; height:auto;\">\n\t\t\n<style>\n#gap-811341384 {\n  padding-top: 18px;\n}\n<\/style>\n\t<\/div>\n\t\n\n\n\t\t<\/div>\n\t\t\t\t\t<\/div>\n\n\t\n\n\t<div id=\"col-248759295\" class=\"col index-up medium-12 small-11 large-6\"  >\n\t\t\t\t<div class=\"col-inner\"  >\n\t\t\t\n\t\t\t\n\n\t<div id=\"gap-1716940115\" class=\"gap-element clearfix\" style=\"display:block; height:auto;\">\n\t\t\n<style>\n#gap-1716940115 {\n  padding-top: 30px;\n}\n<\/style>\n\t<\/div>\n\t\n\n<div class=\"row align-center\"  id=\"row-1234961378\">\n\n\n\t<div id=\"col-2031643986\" class=\"col index-up medium-11 small-12 large-12\"  >\n\t\t\t\t<div class=\"col-inner text-center\" style=\"background-color:rgb(255, 255, 255);\" >\n\t\t\t\n\t\t\t\n\n\t<div id=\"text-2481013169\" class=\"text\">\n\t\t\n\n<h2 style=\"font-size: 200%;\"><span style=\"color: #060d66;\"><strong>Urgence Plomberie 24\/7 : Notre \u00c9quipe JSPC \u00e0 Votre Service Jour et Nuit<\/strong><\/span><\/h2>\n<p><span style=\"font-size: 110%; color: #060d66;\"><strong>Quand une fuite d&rsquo;eau survient \u00e0 l&rsquo;improviste ou que des probl\u00e8mes de plomberie se pr\u00e9sentent, il est essentiel d&rsquo;avoir une \u00e9quipe de confiance \u00e0 port\u00e9e de main. Chez JSPSC Plomberie, nous comprenons que les urgences ne suivent pas d&rsquo;horaires, c&rsquo;est pourquoi notre service d&rsquo;intervention est disponible 7 jours sur 7, 24 heures sur 24. <\/strong><\/span><\/p>\n\t\t\n<style>\n#text-2481013169 {\n  font-size: 0.8rem;\n  line-height: 1.45;\n}\n<\/style>\n\t<\/div>\n\t\n\t<div id=\"stack-2763778889\" class=\"stack stack-row justify-center items-stretch sm:stack-col\">\n\t\t\n\n<a class=\"button alert is-gloss box-shadow-5 box-shadow-5-hover\"  style=\"border-radius:99px;\">\n    <span>Contactez-nous au : 06.51.42.27.78<\/span>\n  <\/a>\n\n\n\n\t\t\n<style>\n#stack-2763778889 > * {\n  --stack-gap: 0.5rem;\n}\n<\/style>\n\t<\/div>\n\t\n\n\t\t<\/div>\n\t\t\t\t\n<style>\n#col-2031643986 > .col-inner {\n  padding: 7% 8% 7% 10%;\n  margin: -98px -14px -27px 0px;\n  border-radius: 5px;\n}\n@media (min-width:550px) {\n  #col-2031643986 > .col-inner {\n    padding: 6% 6% 6% 6%;\n    margin: -150px 0px 0px 0px;\n  }\n}\n@media (min-width:850px) {\n  #col-2031643986 > .col-inner {\n    padding: 7% 10% 7% 10%;\n    margin: 0px 0px 0px -100px;\n  }\n}\n<\/style>\n\t<\/div>\n\n\t\n\n<\/div>\n\n\t\t<\/div>\n\t\t\t\t\n<style>\n#col-248759295 > .col-inner {\n  padding: 10px 0px 20px 0px;\n}\n@media (min-width:550px) {\n  #col-248759295 > .col-inner {\n    padding: 35px 0px 30px 0px;\n  }\n}\n@media (min-width:850px) {\n  #col-248759295 > .col-inner {\n    padding: 0 0px 0px 0px;\n  }\n}\n<\/style>\n\t<\/div>\n\n\t\n\n<\/div>\n\n\t\t<\/div>\n\n\t\t\n<style>\n#section_1924907812 {\n  padding-top: 0px;\n  padding-bottom: 0px;\n  margin-bottom: 0px;\n  background-color: #2f66d7;\n}\n@media (min-width:550px) {\n  #section_1924907812 {\n    padding-top: 0px;\n    padding-bottom: 0px;\n  }\n}\n<\/style>\n\t<\/section>\n\t\n\n","protected":false},"excerpt":{"rendered":"","protected":false},"author":1,"featured_media":0,"parent":0,"menu_order":0,"comment_status":"closed","ping_status":"closed","template":"","meta":{"footnotes":""},"class_list":["post-432","page","type-page","status-publish","hentry"],"yoast_head":"<!-- This site is optimized with the Yoast SEO plugin v22.1 - https:\/\/yoast.com\/wordpress\/plugins\/seo\/ -->\n<title>Demande intervention - JSPC Plombier Chauffagiste<\/title>\n<meta name=\"robots\" content=\"index, follow, max-snippet:-1, max-image-preview:large, max-video-preview:-1\" \/>\n<link rel=\"canonical\" href=\"https:\/\/www.jspc.fr\/?page_id=432\" \/>\n<meta property=\"og:locale\" content=\"fr_FR\" \/>\n<meta property=\"og:type\" content=\"article\" \/>\n<meta property=\"og:title\" content=\"Demande intervention - JSPC Plombier Chauffagiste\" \/>\n<meta property=\"og:url\" content=\"https:\/\/www.jspc.fr\/?page_id=432\" \/>\n<meta property=\"og:site_name\" content=\"JSPC Plombier Chauffagiste\" \/>\n<meta property=\"article:modified_time\" content=\"2024-10-09T12:37:58+00:00\" \/>\n<meta name=\"twitter:card\" content=\"summary_large_image\" \/>\n<meta name=\"twitter:label1\" content=\"Dur\u00e9e de lecture estim\u00e9e\" \/>\n\t<meta name=\"twitter:data1\" content=\"1 minute\" \/>\n<script type=\"application\/ld+json\" class=\"yoast-schema-graph\">{\"@context\":\"https:\/\/schema.org\",\"@graph\":[{\"@type\":\"WebPage\",\"@id\":\"https:\/\/www.jspc.fr\/?page_id=432\",\"url\":\"https:\/\/www.jspc.fr\/?page_id=432\",\"name\":\"Demande intervention - JSPC Plombier Chauffagiste\",\"isPartOf\":{\"@id\":\"https:\/\/www.jspc.fr\/#website\"},\"datePublished\":\"2024-01-20T12:03:45+00:00\",\"dateModified\":\"2024-10-09T12:37:58+00:00\",\"breadcrumb\":{\"@id\":\"https:\/\/www.jspc.fr\/?page_id=432#breadcrumb\"},\"inLanguage\":\"fr-FR\",\"potentialAction\":[{\"@type\":\"ReadAction\",\"target\":[\"https:\/\/www.jspc.fr\/?page_id=432\"]}]},{\"@type\":\"BreadcrumbList\",\"@id\":\"https:\/\/www.jspc.fr\/?page_id=432#breadcrumb\",\"itemListElement\":[{\"@type\":\"ListItem\",\"position\":1,\"name\":\"Accueil\",\"item\":\"https:\/\/www.jspc.fr\/\"},{\"@type\":\"ListItem\",\"position\":2,\"name\":\"Demande intervention\"}]},{\"@type\":\"WebSite\",\"@id\":\"https:\/\/www.jspc.fr\/#website\",\"url\":\"https:\/\/www.jspc.fr\/\",\"name\":\"JSPC Plombier Chauffagiste\",\"description\":\"\",\"potentialAction\":[{\"@type\":\"SearchAction\",\"target\":{\"@type\":\"EntryPoint\",\"urlTemplate\":\"https:\/\/www.jspc.fr\/?s={search_term_string}\"},\"query-input\":\"required name=search_term_string\"}],\"inLanguage\":\"fr-FR\"}]}<\/script>\n<!-- \/ Yoast SEO plugin. -->","yoast_head_json":{"title":"Demande intervention - JSPC Plombier Chauffagiste","robots":{"index":"index","follow":"follow","max-snippet":"max-snippet:-1","max-image-preview":"max-image-preview:large","max-video-preview":"max-video-preview:-1"},"canonical":"https:\/\/www.jspc.fr\/?page_id=432","og_locale":"fr_FR","og_type":"article","og_title":"Demande intervention - JSPC Plombier Chauffagiste","og_url":"https:\/\/www.jspc.fr\/?page_id=432","og_site_name":"JSPC Plombier Chauffagiste","article_modified_time":"2024-10-09T12:37:58+00:00","twitter_card":"summary_large_image","twitter_misc":{"Dur\u00e9e de lecture estim\u00e9e":"1 minute"},"schema":{"@context":"https:\/\/schema.org","@graph":[{"@type":"WebPage","@id":"https:\/\/www.jspc.fr\/?page_id=432","url":"https:\/\/www.jspc.fr\/?page_id=432","name":"Demande intervention - JSPC Plombier Chauffagiste","isPartOf":{"@id":"https:\/\/www.jspc.fr\/#website"},"datePublished":"2024-01-20T12:03:45+00:00","dateModified":"2024-10-09T12:37:58+00:00","breadcrumb":{"@id":"https:\/\/www.jspc.fr\/?page_id=432#breadcrumb"},"inLanguage":"fr-FR","potentialAction":[{"@type":"ReadAction","target":["https:\/\/www.jspc.fr\/?page_id=432"]}]},{"@type":"BreadcrumbList","@id":"https:\/\/www.jspc.fr\/?page_id=432#breadcrumb","itemListElement":[{"@type":"ListItem","position":1,"name":"Accueil","item":"https:\/\/www.jspc.fr\/"},{"@type":"ListItem","position":2,"name":"Demande intervention"}]},{"@type":"WebSite","@id":"https:\/\/www.jspc.fr\/#website","url":"https:\/\/www.jspc.fr\/","name":"JSPC Plombier Chauffagiste","description":"","potentialAction":[{"@type":"SearchAction","target":{"@type":"EntryPoint","urlTemplate":"https:\/\/www.jspc.fr\/?s={search_term_string}"},"query-input":"required name=search_term_string"}],"inLanguage":"fr-FR"}]}},"_links":{"self":[{"href":"https:\/\/www.jspc.fr\/index.php?rest_route=\/wp\/v2\/pages\/432","targetHints":{"allow":["GET"]}}],"collection":[{"href":"https:\/\/www.jspc.fr\/index.php?rest_route=\/wp\/v2\/pages"}],"about":[{"href":"https:\/\/www.jspc.fr\/index.php?rest_route=\/wp\/v2\/types\/page"}],"author":[{"embeddable":true,"href":"https:\/\/www.jspc.fr\/index.php?rest_route=\/wp\/v2\/users\/1"}],"replies":[{"embeddable":true,"href":"https:\/\/www.jspc.fr\/index.php?rest_route=%2Fwp%2Fv2%2Fcomments&post=432"}],"version-history":[{"count":15,"href":"https:\/\/www.jspc.fr\/index.php?rest_route=\/wp\/v2\/pages\/432\/revisions"}],"predecessor-version":[{"id":635,"href":"https:\/\/www.jspc.fr\/index.php?rest_route=\/wp\/v2\/pages\/432\/revisions\/635"}],"wp:attachment":[{"href":"https:\/\/www.jspc.fr\/index.php?rest_route=%2Fwp%2Fv2%2Fmedia&parent=432"}],"curies":[{"name":"wp","href":"https:\/\/api.w.org\/{rel}","templated":true}]}}