{"id":32,"date":"2023-12-25T15:06:57","date_gmt":"2023-12-25T15:06:57","guid":{"rendered":"https:\/\/www.jspc.fr\/?page_id=32"},"modified":"2024-02-09T17:26:42","modified_gmt":"2024-02-09T17:26:42","slug":"nos-projets","status":"publish","type":"page","link":"https:\/\/www.jspc.fr\/?page_id=32","title":{"rendered":"Nos projets"},"content":{"rendered":"\n<div class=\"row\"  id=\"row-1443509313\">\n\n\n\t<div id=\"col-1727581011\" class=\"col small-12 large-12\"  >\n\t\t\t\t<div class=\"col-inner text-center\"  >\n\t\t\t\n\t\t\t\n\n<div class=\"row row-small align-bottom\" style=\"max-width:\" id=\"row-1992764678\">\n\n\n\t<div id=\"col-959781196\" class=\"col small-12 large-12\"  >\n\t\t\t\t<div class=\"col-inner\"  >\n\t\t\t\n\t\t\t\n\n<div class=\"is-divider divider clearfix\" style=\"max-width:163px;height:6px;background-color:#2f66d7;\"><\/div>\n\n\t<div id=\"text-2146298918\" class=\"text\">\n\t\t\n\n<h1><span style=\"color: #282828;\">Nos derniers projets<\/span><\/h1>\n\t\t\n<style>\n#text-2146298918 {\n  font-size: 1.25rem;\n  text-align: center;\n}\n<\/style>\n\t<\/div>\n\t\n\n\t\t<\/div>\n\t\t\t\t\t<\/div>\n\n\t\n\n<\/div>\n\n\t\t<\/div>\n\t\t\t\t\n<style>\n#col-1727581011 > .col-inner {\n  padding: 20px 0px 0px 0px;\n  margin: 0px 0px -50px 0px;\n}\n<\/style>\n\t<\/div>\n\n\t\n\n<\/div>\n<div class=\"row row-small align-equal\"  id=\"row-2044413403\">\n\n\n\t<div id=\"col-349187752\" class=\"col medium-4 small-12 large-4\"  >\n\t\t\t\t<div class=\"col-inner\"  >\n\t\t\t\n\t\t\t\n\n\t<div class=\"box has-hover   has-hover box-shadow-3 box-shadow-3-hover box-push box-text-bottom\" >\n\n\t\t<div class=\"box-image\" >\n\t\t\t<a href=\"#\" >\t\t\t<div class=\"image-zoom image-cover\" style=\"padding-top:146%;\">\n\t\t\t\t<img loading=\"lazy\" decoding=\"async\" width=\"466\" height=\"632\" src=\"https:\/\/www.jspc.fr\/wp-content\/uploads\/2024\/01\/Capture-decran-2024-01-02-164953.png\" class=\"attachment- size-\" alt=\"\" srcset=\"https:\/\/www.jspc.fr\/wp-content\/uploads\/2024\/01\/Capture-decran-2024-01-02-164953.png 466w, https:\/\/www.jspc.fr\/wp-content\/uploads\/2024\/01\/Capture-decran-2024-01-02-164953-221x300.png 221w\" sizes=\"auto, (max-width: 466px) 100vw, 466px\" \/>\t\t\t\t\t\t\t\t\t\t\t<\/div>\n\t\t\t<\/a>\t\t<\/div>\n\n\t\t<div class=\"box-text text-center\" style=\"background-color:rgb(255, 255, 255);padding:20px 5% 20px 5%;\">\n\t\t\t<div class=\"box-text-inner\">\n\t\t\t\t\n\n\t<div id=\"text-1732557690\" class=\"text\">\n\t\t\n\n<h4><span style=\"color: #282828;\">Salle de bain install\u00e9 par JSPC<\/span><\/h4>\n\t\t\n<style>\n#text-1732557690 {\n  font-size: 1.1rem;\n}\n<\/style>\n\t<\/div>\n\t\n<div class=\"is-divider divider clearfix\" style=\"margin-top:0.7em;margin-bottom:0.7em;max-width:244px;height:2px;background-color:rgb(253, 50, 50);\"><\/div>\n\n\t<div id=\"gap-190477131\" class=\"gap-element clearfix\" style=\"display:block; height:auto;\">\n\t\t\n<style>\n#gap-190477131 {\n  padding-top: 0px;\n}\n<\/style>\n\t<\/div>\n\t\n\n\t<div id=\"text-3885552697\" class=\"text\">\n\t\t\n\n<p><strong>R\u00e9novation de cette\u00a0 salle de bain sur Paris par notre entreprise JSPC. Travaux effectue en seulement 1 semaine.<\/strong><\/p>\n\t\t\n<style>\n#text-3885552697 {\n  font-size: 1.1rem;\n  color: #2f66d7;\n}\n#text-3885552697 > * {\n  color: #2f66d7;\n}\n<\/style>\n\t<\/div>\n\t\n\n\t\t\t<\/div>\n\t\t<\/div>\n\t<\/div>\n\t\n\n\t\t<\/div>\n\t\t\t\t\t<\/div>\n\n\t\n\n\t<div id=\"col-991535681\" class=\"col medium-4 small-12 large-4\"  >\n\t\t\t\t<div class=\"col-inner\"  >\n\t\t\t\n\t\t\t\n\n\t<div class=\"box has-hover   has-hover box-shadow-3 box-shadow-3-hover box-push box-text-bottom\" >\n\n\t\t<div class=\"box-image\" >\n\t\t\t<a href=\"#\" >\t\t\t<div class=\"image-zoom image-cover\" style=\"padding-top:147%;\">\n\t\t\t\t<img loading=\"lazy\" decoding=\"async\" width=\"437\" height=\"616\" src=\"https:\/\/www.jspc.fr\/wp-content\/uploads\/2024\/01\/Capture-decran-2024-01-20-102619.png\" class=\"attachment- size-\" alt=\"\" srcset=\"https:\/\/www.jspc.fr\/wp-content\/uploads\/2024\/01\/Capture-decran-2024-01-20-102619.png 437w, https:\/\/www.jspc.fr\/wp-content\/uploads\/2024\/01\/Capture-decran-2024-01-20-102619-213x300.png 213w\" sizes=\"auto, (max-width: 437px) 100vw, 437px\" \/>\t\t\t\t\t\t\t\t\t\t\t<\/div>\n\t\t\t<\/a>\t\t<\/div>\n\n\t\t<div class=\"box-text text-center\" style=\"background-color:rgb(255, 255, 255);padding:20px 5% 20px 5%;\">\n\t\t\t<div class=\"box-text-inner\">\n\t\t\t\t\n\n\t<div id=\"text-188951422\" class=\"text\">\n\t\t\n\n<div id=\"text-2127190574\" class=\"text\">\n<h3><span style=\"color: #282828;\">Remplacement d\u2019un ballon d\u2019eau chaude<\/span><\/h3>\n<\/div>\n\t\t\n<style>\n#text-188951422 {\n  font-size: 1.1rem;\n}\n<\/style>\n\t<\/div>\n\t\n<div class=\"is-divider divider clearfix\" style=\"margin-top:0.7em;margin-bottom:0.7em;max-width:244px;height:2px;background-color:rgb(253, 50, 50);\"><\/div>\n\n\t<div id=\"text-386235442\" class=\"text\">\n\t\t\n\n<p><strong>JSPC a remplac\u00e9 un ballon d\u2019eau chaude de 300 litres \u00e0 Saint-Germain-en-Laye en raison d\u2019une perforation dans la cuve de l\u2019ancien, assurant un remplacement professionnel pour garantir la performance optimale du nouveau ballon.<\/strong><\/p>\n\t\t\n<style>\n#text-386235442 {\n  font-size: 1.1rem;\n  color: #2f66d7;\n}\n#text-386235442 > * {\n  color: #2f66d7;\n}\n<\/style>\n\t<\/div>\n\t\n\n\t\t\t<\/div>\n\t\t<\/div>\n\t<\/div>\n\t\n\n\t\t<\/div>\n\t\t\t\t\t<\/div>\n\n\t\n\n\t<div id=\"col-732343341\" class=\"col medium-4 small-12 large-4\"  >\n\t\t\t\t<div class=\"col-inner\"  >\n\t\t\t\n\t\t\t\n\n\t<div class=\"box has-hover   has-hover box-shadow-3 box-shadow-3-hover box-push box-text-bottom\" >\n\n\t\t<div class=\"box-image\" >\n\t\t\t<a href=\"#\" >\t\t\t<div class=\"image-zoom image-cover\" style=\"padding-top:126%;\">\n\t\t\t\t<img loading=\"lazy\" decoding=\"async\" width=\"675\" height=\"432\" src=\"https:\/\/www.jspc.fr\/wp-content\/uploads\/2024\/01\/Capture-decran-2024-01-20-102440.png\" class=\"attachment- size-\" alt=\"\" srcset=\"https:\/\/www.jspc.fr\/wp-content\/uploads\/2024\/01\/Capture-decran-2024-01-20-102440.png 675w, https:\/\/www.jspc.fr\/wp-content\/uploads\/2024\/01\/Capture-decran-2024-01-20-102440-300x192.png 300w\" sizes=\"auto, (max-width: 675px) 100vw, 675px\" \/>\t\t\t\t\t\t\t\t\t\t\t<\/div>\n\t\t\t<\/a>\t\t<\/div>\n\n\t\t<div class=\"box-text text-center\" style=\"background-color:rgb(255, 255, 255);padding:20px 5% 20px 5%;\">\n\t\t\t<div class=\"box-text-inner\">\n\t\t\t\t\n\n\t<div id=\"text-1568587191\" class=\"text\">\n\t\t\n\n<h4><span style=\"color: #282828;\">Salle de bain install\u00e9 par JSPC<\/span><\/h4>\n\t\t\n<style>\n#text-1568587191 {\n  font-size: 1.1rem;\n}\n<\/style>\n\t<\/div>\n\t\n<div class=\"is-divider divider clearfix\" style=\"margin-top:0.7em;margin-bottom:0.7em;max-width:244px;height:2px;background-color:rgb(253, 50, 50);\"><\/div>\n\n\t<div id=\"text-3434831376\" class=\"text\">\n\t\t\n\n<p><strong>JSPC a proc\u00e9d\u00e9 au remplacement d\u2019une vanne \u00e0 Chatou en raison de son grippage d\u00fb \u00e0 l\u2019usure temporelle. Cette d\u00e9gradation emp\u00eachait la fermeture de la vanne, la rendant ainsi inop\u00e9rante. Pour rem\u00e9dier \u00e0 cette situation, notre \u00e9quipe a effectu\u00e9 un remplacement professionnel, assurant ainsi le bon fonctionnement de la nouvelle vanne et r\u00e9tablissant la fonctionnalit\u00e9 requise.<\/strong><\/p>\n\t\t\n<style>\n#text-3434831376 {\n  font-size: 1.1rem;\n  color: #2f66d7;\n}\n#text-3434831376 > * {\n  color: #2f66d7;\n}\n<\/style>\n\t<\/div>\n\t\n\n\t\t\t<\/div>\n\t\t<\/div>\n\t<\/div>\n\t\n\n\t\t<\/div>\n\t\t\t\t\t<\/div>\n\n\t\n\n\n<style>\n#row-2044413403 > .col > .col-inner {\n  background-color: rgb(255,255,255);\n}\n<\/style>\n<\/div>\n\n","protected":false},"excerpt":{"rendered":"","protected":false},"author":1,"featured_media":0,"parent":0,"menu_order":0,"comment_status":"closed","ping_status":"closed","template":"","meta":{"footnotes":""},"class_list":["post-32","page","type-page","status-publish","hentry"],"yoast_head":"<!-- This site is optimized with the Yoast SEO plugin v22.1 - https:\/\/yoast.com\/wordpress\/plugins\/seo\/ -->\n<title>Nos projets - JSPC Plombier Chauffagiste<\/title>\n<meta name=\"robots\" content=\"index, follow, max-snippet:-1, max-image-preview:large, max-video-preview:-1\" \/>\n<link rel=\"canonical\" href=\"https:\/\/www.jspc.fr\/?page_id=32\" \/>\n<meta property=\"og:locale\" content=\"fr_FR\" \/>\n<meta property=\"og:type\" content=\"article\" \/>\n<meta property=\"og:title\" content=\"Nos projets - JSPC Plombier Chauffagiste\" \/>\n<meta property=\"og:url\" content=\"https:\/\/www.jspc.fr\/?page_id=32\" \/>\n<meta property=\"og:site_name\" content=\"JSPC Plombier Chauffagiste\" \/>\n<meta property=\"article:modified_time\" content=\"2024-02-09T17:26:42+00:00\" \/>\n<meta name=\"twitter:card\" content=\"summary_large_image\" \/>\n<meta name=\"twitter:label1\" content=\"Dur\u00e9e de lecture estim\u00e9e\" \/>\n\t<meta name=\"twitter:data1\" content=\"2 minutes\" \/>\n<script type=\"application\/ld+json\" class=\"yoast-schema-graph\">{\"@context\":\"https:\/\/schema.org\",\"@graph\":[{\"@type\":\"WebPage\",\"@id\":\"https:\/\/www.jspc.fr\/?page_id=32\",\"url\":\"https:\/\/www.jspc.fr\/?page_id=32\",\"name\":\"Nos projets - JSPC Plombier Chauffagiste\",\"isPartOf\":{\"@id\":\"https:\/\/www.jspc.fr\/#website\"},\"datePublished\":\"2023-12-25T15:06:57+00:00\",\"dateModified\":\"2024-02-09T17:26:42+00:00\",\"breadcrumb\":{\"@id\":\"https:\/\/www.jspc.fr\/?page_id=32#breadcrumb\"},\"inLanguage\":\"fr-FR\",\"potentialAction\":[{\"@type\":\"ReadAction\",\"target\":[\"https:\/\/www.jspc.fr\/?page_id=32\"]}]},{\"@type\":\"BreadcrumbList\",\"@id\":\"https:\/\/www.jspc.fr\/?page_id=32#breadcrumb\",\"itemListElement\":[{\"@type\":\"ListItem\",\"position\":1,\"name\":\"Accueil\",\"item\":\"https:\/\/www.jspc.fr\/\"},{\"@type\":\"ListItem\",\"position\":2,\"name\":\"Nos projets\"}]},{\"@type\":\"WebSite\",\"@id\":\"https:\/\/www.jspc.fr\/#website\",\"url\":\"https:\/\/www.jspc.fr\/\",\"name\":\"JSPC Plombier Chauffagiste\",\"description\":\"\",\"potentialAction\":[{\"@type\":\"SearchAction\",\"target\":{\"@type\":\"EntryPoint\",\"urlTemplate\":\"https:\/\/www.jspc.fr\/?s={search_term_string}\"},\"query-input\":\"required name=search_term_string\"}],\"inLanguage\":\"fr-FR\"}]}<\/script>\n<!-- \/ Yoast SEO plugin. -->","yoast_head_json":{"title":"Nos projets - JSPC Plombier Chauffagiste","robots":{"index":"index","follow":"follow","max-snippet":"max-snippet:-1","max-image-preview":"max-image-preview:large","max-video-preview":"max-video-preview:-1"},"canonical":"https:\/\/www.jspc.fr\/?page_id=32","og_locale":"fr_FR","og_type":"article","og_title":"Nos projets - JSPC Plombier Chauffagiste","og_url":"https:\/\/www.jspc.fr\/?page_id=32","og_site_name":"JSPC Plombier Chauffagiste","article_modified_time":"2024-02-09T17:26:42+00:00","twitter_card":"summary_large_image","twitter_misc":{"Dur\u00e9e de lecture estim\u00e9e":"2 minutes"},"schema":{"@context":"https:\/\/schema.org","@graph":[{"@type":"WebPage","@id":"https:\/\/www.jspc.fr\/?page_id=32","url":"https:\/\/www.jspc.fr\/?page_id=32","name":"Nos projets - JSPC Plombier Chauffagiste","isPartOf":{"@id":"https:\/\/www.jspc.fr\/#website"},"datePublished":"2023-12-25T15:06:57+00:00","dateModified":"2024-02-09T17:26:42+00:00","breadcrumb":{"@id":"https:\/\/www.jspc.fr\/?page_id=32#breadcrumb"},"inLanguage":"fr-FR","potentialAction":[{"@type":"ReadAction","target":["https:\/\/www.jspc.fr\/?page_id=32"]}]},{"@type":"BreadcrumbList","@id":"https:\/\/www.jspc.fr\/?page_id=32#breadcrumb","itemListElement":[{"@type":"ListItem","position":1,"name":"Accueil","item":"https:\/\/www.jspc.fr\/"},{"@type":"ListItem","position":2,"name":"Nos projets"}]},{"@type":"WebSite","@id":"https:\/\/www.jspc.fr\/#website","url":"https:\/\/www.jspc.fr\/","name":"JSPC Plombier Chauffagiste","description":"","potentialAction":[{"@type":"SearchAction","target":{"@type":"EntryPoint","urlTemplate":"https:\/\/www.jspc.fr\/?s={search_term_string}"},"query-input":"required name=search_term_string"}],"inLanguage":"fr-FR"}]}},"_links":{"self":[{"href":"https:\/\/www.jspc.fr\/index.php?rest_route=\/wp\/v2\/pages\/32","targetHints":{"allow":["GET"]}}],"collection":[{"href":"https:\/\/www.jspc.fr\/index.php?rest_route=\/wp\/v2\/pages"}],"about":[{"href":"https:\/\/www.jspc.fr\/index.php?rest_route=\/wp\/v2\/types\/page"}],"author":[{"embeddable":true,"href":"https:\/\/www.jspc.fr\/index.php?rest_route=\/wp\/v2\/users\/1"}],"replies":[{"embeddable":true,"href":"https:\/\/www.jspc.fr\/index.php?rest_route=%2Fwp%2Fv2%2Fcomments&post=32"}],"version-history":[{"count":4,"href":"https:\/\/www.jspc.fr\/index.php?rest_route=\/wp\/v2\/pages\/32\/revisions"}],"predecessor-version":[{"id":591,"href":"https:\/\/www.jspc.fr\/index.php?rest_route=\/wp\/v2\/pages\/32\/revisions\/591"}],"wp:attachment":[{"href":"https:\/\/www.jspc.fr\/index.php?rest_route=%2Fwp%2Fv2%2Fmedia&parent=32"}],"curies":[{"name":"wp","href":"https:\/\/api.w.org\/{rel}","templated":true}]}}